{"id":409,"date":"2023-08-22T12:24:30","date_gmt":"2023-08-22T09:24:30","guid":{"rendered":"https:\/\/karadeniztasima.com.tr\/?page_id=409"},"modified":"2023-08-22T12:24:30","modified_gmt":"2023-08-22T09:24:30","slug":"ekibimiz","status":"publish","type":"page","link":"https:\/\/karadeniztasima.com.tr\/index.php\/ekibimiz\/","title":{"rendered":"EK\u0130B\u0130M\u0130Z"},"content":{"rendered":"","protected":false},"excerpt":{"rendered":"","protected":false},"author":1,"featured_media":0,"parent":0,"menu_order":0,"comment_status":"closed","ping_status":"closed","template":"pages\/page-crew.php","meta":{"footnotes":""},"class_list":["post-409","page","type-page","status-publish","hentry"],"aioseo_notices":[],"_links":{"self":[{"href":"https:\/\/karadeniztasima.com.tr\/index.php\/wp-json\/wp\/v2\/pages\/409","targetHints":{"allow":["GET"]}}],"collection":[{"href":"https:\/\/karadeniztasima.com.tr\/index.php\/wp-json\/wp\/v2\/pages"}],"about":[{"href":"https:\/\/karadeniztasima.com.tr\/index.php\/wp-json\/wp\/v2\/types\/page"}],"author":[{"embeddable":true,"href":"https:\/\/karadeniztasima.com.tr\/index.php\/wp-json\/wp\/v2\/users\/1"}],"replies":[{"embeddable":true,"href":"https:\/\/karadeniztasima.com.tr\/index.php\/wp-json\/wp\/v2\/comments?post=409"}],"version-history":[{"count":1,"href":"https:\/\/karadeniztasima.com.tr\/index.php\/wp-json\/wp\/v2\/pages\/409\/revisions"}],"predecessor-version":[{"id":410,"href":"https:\/\/karadeniztasima.com.tr\/index.php\/wp-json\/wp\/v2\/pages\/409\/revisions\/410"}],"wp:attachment":[{"href":"https:\/\/karadeniztasima.com.tr\/index.php\/wp-json\/wp\/v2\/media?parent=409"}],"curies":[{"name":"wp","href":"https:\/\/api.w.org\/{rel}","templated":true}]}}