{"id":405,"date":"2023-08-22T12:22:52","date_gmt":"2023-08-22T09:22:52","guid":{"rendered":"https:\/\/karadeniztasima.com.tr\/?page_id=405"},"modified":"2023-08-22T12:23:37","modified_gmt":"2023-08-22T09:23:37","slug":"iletisim","status":"publish","type":"page","link":"https:\/\/karadeniztasima.com.tr\/index.php\/iletisim\/","title":{"rendered":"\u0130LET\u0130\u015e\u0130M"},"content":{"rendered":"","protected":false},"excerpt":{"rendered":"","protected":false},"author":1,"featured_media":0,"parent":0,"menu_order":0,"comment_status":"closed","ping_status":"closed","template":"pages\/page-contact.php","meta":{"footnotes":""},"class_list":["post-405","page","type-page","status-publish","hentry"],"aioseo_notices":[],"_links":{"self":[{"href":"https:\/\/karadeniztasima.com.tr\/index.php\/wp-json\/wp\/v2\/pages\/405","targetHints":{"allow":["GET"]}}],"collection":[{"href":"https:\/\/karadeniztasima.com.tr\/index.php\/wp-json\/wp\/v2\/pages"}],"about":[{"href":"https:\/\/karadeniztasima.com.tr\/index.php\/wp-json\/wp\/v2\/types\/page"}],"author":[{"embeddable":true,"href":"https:\/\/karadeniztasima.com.tr\/index.php\/wp-json\/wp\/v2\/users\/1"}],"replies":[{"embeddable":true,"href":"https:\/\/karadeniztasima.com.tr\/index.php\/wp-json\/wp\/v2\/comments?post=405"}],"version-history":[{"count":1,"href":"https:\/\/karadeniztasima.com.tr\/index.php\/wp-json\/wp\/v2\/pages\/405\/revisions"}],"predecessor-version":[{"id":406,"href":"https:\/\/karadeniztasima.com.tr\/index.php\/wp-json\/wp\/v2\/pages\/405\/revisions\/406"}],"wp:attachment":[{"href":"https:\/\/karadeniztasima.com.tr\/index.php\/wp-json\/wp\/v2\/media?parent=405"}],"curies":[{"name":"wp","href":"https:\/\/api.w.org\/{rel}","templated":true}]}}