{"id":401,"date":"2023-08-22T12:20:32","date_gmt":"2023-08-22T09:20:32","guid":{"rendered":"https:\/\/karadeniztasima.com.tr\/?page_id=401"},"modified":"2023-08-22T12:20:33","modified_gmt":"2023-08-22T09:20:33","slug":"hakkimizda","status":"publish","type":"page","link":"https:\/\/karadeniztasima.com.tr\/index.php\/hakkimizda\/","title":{"rendered":"Hakk\u0131m\u0131zda"},"content":{"rendered":"\n<p><strong>5 Y\u0131ld\u0131r<\/strong>, Nakliyat sekt\u00f6r\u00fcnde hizmet vererek g\u00fcvenilirli\u011fimizi s\u00fcrd\u00fcrme yolunda ilerliyoruz.<\/p>\n\n\n\n<blockquote class=\"wp-block-quote is-layout-flow wp-block-quote-is-layout-flow\">\n<p>Giresun Nakliyat, T\u00fcrkiye\u2019de bir \u00e7ok il ve il\u00e7elere nakliye hizmetini en iyi \u015fekilde g\u00f6t\u00fcrmeyi kendisine bir bor\u00e7 olarak bilmi\u015ftir. Evden eve ta\u015f\u0131mac\u0131l\u0131k\u2019ta geli\u015fmi\u015f profesyonel ekiplerimiz sayesinde e\u015fyalar\u0131n\u0131z k\u0131r\u0131lmadan zarar g\u00f6rmeden eski evinizi yeni evinize ta\u015f\u0131maya \u00e7al\u0131\u015f\u0131yoruz.<\/p>\n<\/blockquote>\n\n\n\n<p>Ayr\u0131ca e\u015fyalar\u0131n\u0131za ta\u015f\u0131ma esnas\u0131nda hasar geldi\u011fi zaman sigortal\u0131 e\u015fya ta\u015f\u0131ma i\u015flemini ger\u00e7ekle\u015ftirdi\u011fimiz i\u00e7in zarar g\u00f6rse dahil ayn\u0131 e\u015fyan\u0131z\u0131 yerine koyuyoruz.<\/p>\n\n\n\n<blockquote class=\"wp-block-quote is-layout-flow wp-block-quote-is-layout-flow\">\n<p>15 Y\u0131ld\u0131r sekt\u00f6r\u00fcn i\u00e7erisinde olup bu zamana kadar hi\u00e7bir m\u00fc\u015fterimizin e\u015fyas\u0131na zarar vermeden g\u00fcvenilir \u015fekilde ta\u015f\u0131ma hizmeti yapt\u0131k, yapmaya devam ediyoruz. Ayd\u0131no\u011fullar\u0131\u2019n\u0131n bir alt dal\u0131 olan Giresun Nakliyat, kaliteye her zaman en \u00f6nde g\u00f6t\u00fcrmekten gurur duyuyor.<\/p>\n<\/blockquote>\n","protected":false},"excerpt":{"rendered":"<p>5 Y\u0131ld\u0131r, Nakliyat sekt\u00f6r\u00fcnde hizmet vererek g\u00fcvenilirli\u011fimizi s\u00fcrd\u00fcrme yolunda ilerliyoruz. Giresun Nakliyat, T\u00fcrkiye\u2019de bir \u00e7ok il ve il\u00e7elere nakliye hizmetini en iyi \u015fekilde g\u00f6t\u00fcrmeyi kendisine bir bor\u00e7 olarak bilmi\u015ftir. Evden eve ta\u015f\u0131mac\u0131l\u0131k\u2019ta geli\u015fmi\u015f profesyonel ekiplerimiz sayesinde e\u015fyalar\u0131n\u0131z k\u0131r\u0131lmadan zarar g\u00f6rmeden eski evinizi yeni evinize ta\u015f\u0131maya \u00e7al\u0131\u015f\u0131yoruz. Ayr\u0131ca e\u015fyalar\u0131n\u0131za ta\u015f\u0131ma esnas\u0131nda hasar geldi\u011fi zaman sigortal\u0131 e\u015fya [&hellip;]<\/p>\n","protected":false},"author":1,"featured_media":0,"parent":0,"menu_order":0,"comment_status":"closed","ping_status":"closed","template":"","meta":{"footnotes":""},"class_list":["post-401","page","type-page","status-publish","hentry"],"aioseo_notices":[],"_links":{"self":[{"href":"https:\/\/karadeniztasima.com.tr\/index.php\/wp-json\/wp\/v2\/pages\/401","targetHints":{"allow":["GET"]}}],"collection":[{"href":"https:\/\/karadeniztasima.com.tr\/index.php\/wp-json\/wp\/v2\/pages"}],"about":[{"href":"https:\/\/karadeniztasima.com.tr\/index.php\/wp-json\/wp\/v2\/types\/page"}],"author":[{"embeddable":true,"href":"https:\/\/karadeniztasima.com.tr\/index.php\/wp-json\/wp\/v2\/users\/1"}],"replies":[{"embeddable":true,"href":"https:\/\/karadeniztasima.com.tr\/index.php\/wp-json\/wp\/v2\/comments?post=401"}],"version-history":[{"count":1,"href":"https:\/\/karadeniztasima.com.tr\/index.php\/wp-json\/wp\/v2\/pages\/401\/revisions"}],"predecessor-version":[{"id":402,"href":"https:\/\/karadeniztasima.com.tr\/index.php\/wp-json\/wp\/v2\/pages\/401\/revisions\/402"}],"wp:attachment":[{"href":"https:\/\/karadeniztasima.com.tr\/index.php\/wp-json\/wp\/v2\/media?parent=401"}],"curies":[{"name":"wp","href":"https:\/\/api.w.org\/{rel}","templated":true}]}}